{"id":513,"date":"2025-03-04T13:04:57","date_gmt":"2025-03-04T13:04:57","guid":{"rendered":"http:\/\/dramatize.de\/?page_id=513"},"modified":"2025-05-19T09:55:05","modified_gmt":"2025-05-19T09:55:05","slug":"kontakt","status":"publish","type":"page","link":"https:\/\/dramatize.de\/en\/kontakt\/","title":{"rendered":"Contact"},"content":{"rendered":"<div id=\"fws_69edef5055be4\"  data-column-margin=\"default\" data-midnight=\"dark\" data-top-percent=\"14%\"  class=\"wpb_row vc_row-fluid vc_row full-width-section  zindex-set\"  style=\"padding-top: calc(100vw * 0.14); padding-bottom: 0px;  z-index: 100;\"><div class=\"row-bg-wrap\" data-bg-animation=\"none\" data-bg-animation-delay=\"\" data-bg-overlay=\"false\"><div class=\"inner-wrap row-bg-layer\" ><div class=\"row-bg viewport-desktop\"  style=\"\"><\/div><\/div><\/div><div class=\"row_col_wrap_12 col span_12 dark left\">\n\t<div  class=\"vc_col-sm-12 wpb_column column_container vc_column_container col no-extra-padding inherit_tablet inherit_phone\"  data-padding-pos=\"all\" data-has-bg-color=\"false\" data-bg-color=\"\" data-bg-opacity=\"1\" data-animation=\"\" data-delay=\"0\" >\n\t\t<div class=\"vc_column-inner\" >\n\t\t\t<div class=\"wpb_wrapper\">\n\t\t\t\t<div id=\"fws_69edef5057264\" data-midnight=\"\" data-column-margin=\"60px\" class=\"wpb_row vc_row-fluid vc_row inner_row\"  style=\"padding-bottom: 4%; \"><div class=\"row-bg-wrap\"> <div class=\"row-bg\" ><\/div> <\/div><div class=\"row_col_wrap_12_inner col span_12  left\">\n\t<div style=\" color: #ffffff;\" class=\"vc_col-sm-6 wpb_column column_container vc_column_container col child_column no-extra-padding inherit_tablet inherit_phone\" data-cfc=\"true\"  data-padding-pos=\"all\" data-has-bg-color=\"false\" data-bg-color=\"\" data-bg-opacity=\"1\" data-animation=\"\" data-delay=\"0\" >\n\t\t<div class=\"vc_column-inner\" >\n\t\t<div class=\"wpb_wrapper\">\n\t\t\t<div class=\"nectar-split-heading  font_size_30px font_line_height_1-3 text_direction_ltr\" data-align=\"default\" data-m-align=\"inherit\" data-text-effect=\"default\" data-animation-type=\"twist-in\" data-animation-delay=\"0\" data-animation-offset=\"\" data-m-rm-animation=\"\" data-stagger=\"\" data-custom-font-size=\"true\" style=\"font-size: 30px; line-height: 45px;\"><p style=\" color: #fc6a0a;\">Fragen? Anregungen? Lust auf eine kreative Zusammenarbeit?<br \/>\nSchreib mir deine Ideen und lass uns gemeinsam unser n\u00e4chstes Theaterprojekt zum Leben erwecken!<\/p><\/div>\n\t\t<\/div> \n\t<\/div>\n\t<\/div> \n\n\t<div  class=\"vc_col-sm-6 wpb_column column_container vc_column_container col child_column no-extra-padding inherit_tablet inherit_phone\"   data-padding-pos=\"all\" data-has-bg-color=\"false\" data-bg-color=\"\" data-bg-opacity=\"1\" data-animation=\"\" data-delay=\"0\" >\n\t\t<div class=\"vc_column-inner\" >\n\t\t<div class=\"wpb_wrapper\">\n\t\t\t\n<div class=\"wpb_text_column wpb_content_element\" >\n\t<div class=\"wpb_wrapper\">\n\t\t<h5 style=\"text-align: center;\">\n<div class=\"wpcf7 no-js\" id=\"wpcf7-f517-o1\" lang=\"de-DE\" dir=\"ltr\" data-wpcf7-id=\"517\">\n<div class=\"screen-reader-response\"><p role=\"status\" aria-live=\"polite\" aria-atomic=\"true\"><\/p> <ul><\/ul><\/div>\n<form action=\"\/en\/wp-json\/wp\/v2\/pages\/513#wpcf7-f517-o1\" method=\"post\" class=\"wpcf7-form init\" aria-label=\"Kontaktformular\" novalidate=\"novalidate\" data-status=\"init\" data-trp-original-action=\"\/en\/wp-json\/wp\/v2\/pages\/513#wpcf7-f517-o1\">\n<fieldset class=\"hidden-fields-container\"><input type=\"hidden\" name=\"_wpcf7\" value=\"517\" \/><input type=\"hidden\" name=\"_wpcf7_version\" value=\"6.1.5\" \/><input type=\"hidden\" name=\"_wpcf7_locale\" value=\"de_DE\" \/><input type=\"hidden\" name=\"_wpcf7_unit_tag\" value=\"wpcf7-f517-o1\" \/><input type=\"hidden\" name=\"_wpcf7_container_post\" value=\"0\" \/><input type=\"hidden\" name=\"_wpcf7_posted_data_hash\" value=\"\" \/>\n<\/fieldset>\n<p><label> Dein Name<br \/>\n<span class=\"wpcf7-form-control-wrap\" data-name=\"your-name\"><input size=\"40\" maxlength=\"400\" class=\"wpcf7-form-control wpcf7-text wpcf7-validates-as-required\" autocomplete=\"name\" aria-required=\"true\" aria-invalid=\"false\" value=\"\" type=\"text\" name=\"your-name\" \/><\/span> <\/label>\n<\/p>\n<p><label> Deine E-Mail-Adresse<br \/>\n<span class=\"wpcf7-form-control-wrap\" data-name=\"your-email\"><input size=\"40\" maxlength=\"400\" class=\"wpcf7-form-control wpcf7-email wpcf7-validates-as-required wpcf7-text wpcf7-validates-as-email\" autocomplete=\"email\" aria-required=\"true\" aria-invalid=\"false\" value=\"\" type=\"email\" name=\"your-email\" \/><\/span> <\/label>\n<\/p>\n<p><label> Deine Nachricht<br \/>\n<span class=\"wpcf7-form-control-wrap\" data-name=\"your-message\"><textarea cols=\"40\" rows=\"10\" maxlength=\"2000\" class=\"wpcf7-form-control wpcf7-textarea\" aria-invalid=\"false\" name=\"your-message\"><\/textarea><\/span> <\/label>\n<\/p>\n<p><span class=\"wpcf7-form-control-wrap\" data-name=\"acceptance-995\"><span class=\"wpcf7-form-control wpcf7-acceptance\"><span class=\"wpcf7-list-item\"><label><input type=\"checkbox\" name=\"acceptance-995\" value=\"1\" aria-invalid=\"false\" \/><span class=\"wpcf7-list-item-label\">Mit dem Absenden dieses Formulars erkl\u00e4re ich mich damit einverstanden, dass meine personenbezogenen Daten gem\u00e4\u00df der Datenschutzerkl\u00e4rung gespeichert, verarbeitet und genutzt werden.<\/span><\/label><\/span><\/span><\/span>\n<\/p>\n<p><input class=\"wpcf7-form-control wpcf7-submit has-spinner\" type=\"submit\" value=\"Send\" \/>\n<\/p><div class=\"wpcf7-response-output\" aria-hidden=\"true\"><\/div>\n<input type=\"hidden\" name=\"trp-form-language\" value=\"en\"\/><\/form>\n<\/div>\n<\/h5>\n\t<\/div>\n<\/div>\n\n\n\n\n\t\t<\/div> \n\t<\/div>\n\t<\/div> \n<\/div><\/div>\n\t\t\t<\/div> \n\t\t<\/div>\n\t<\/div> \n<\/div><\/div>","protected":false},"excerpt":{"rendered":"Fragen? Anregungen? Lust auf eine kreative Zusammenarbeit? Schreib mir deine Ideen und lass uns gemeinsam unser n\u00e4chstes Theaterprojekt zum Leben erwecken! Dein Name Deine E-Mail-Adresse Deine Nachricht Mit dem Absenden...","protected":false},"author":1,"featured_media":0,"parent":0,"menu_order":0,"comment_status":"closed","ping_status":"closed","template":"","meta":{"footnotes":""},"class_list":["post-513","page","type-page","status-publish"],"yoast_head":"<!-- This site is optimized with the Yoast SEO plugin v27.4 - https:\/\/yoast.com\/product\/yoast-seo-wordpress\/ -->\n<title>Kontakt - dramatize!<\/title>\n<meta name=\"robots\" content=\"index, follow, max-snippet:-1, max-image-preview:large, max-video-preview:-1\" \/>\n<link rel=\"canonical\" href=\"https:\/\/dramatize.de\/en\/kontakt\/\" \/>\n<meta property=\"og:locale\" content=\"en_GB\" \/>\n<meta property=\"og:type\" content=\"article\" \/>\n<meta property=\"og:title\" content=\"Kontakt - dramatize!\" \/>\n<meta property=\"og:url\" content=\"https:\/\/dramatize.de\/en\/kontakt\/\" \/>\n<meta property=\"og:site_name\" content=\"dramatize!\" \/>\n<meta property=\"article:modified_time\" content=\"2025-05-19T09:55:05+00:00\" \/>\n<meta name=\"twitter:card\" content=\"summary_large_image\" \/>\n<meta name=\"twitter:label1\" content=\"Estimated reading time\" \/>\n\t<meta name=\"twitter:data1\" content=\"1 minute\" \/>\n<script type=\"application\/ld+json\" class=\"yoast-schema-graph\">{\"@context\":\"https:\\\/\\\/schema.org\",\"@graph\":[{\"@type\":\"WebPage\",\"@id\":\"https:\\\/\\\/dramatize.de\\\/kontakt\\\/\",\"url\":\"https:\\\/\\\/dramatize.de\\\/kontakt\\\/\",\"name\":\"Kontakt - dramatize!\",\"isPartOf\":{\"@id\":\"https:\\\/\\\/dramatize.de\\\/#website\"},\"datePublished\":\"2025-03-04T13:04:57+00:00\",\"dateModified\":\"2025-05-19T09:55:05+00:00\",\"breadcrumb\":{\"@id\":\"https:\\\/\\\/dramatize.de\\\/kontakt\\\/#breadcrumb\"},\"inLanguage\":\"en-GB\",\"potentialAction\":[{\"@type\":\"ReadAction\",\"target\":[\"https:\\\/\\\/dramatize.de\\\/kontakt\\\/\"]}]},{\"@type\":\"BreadcrumbList\",\"@id\":\"https:\\\/\\\/dramatize.de\\\/kontakt\\\/#breadcrumb\",\"itemListElement\":[{\"@type\":\"ListItem\",\"position\":1,\"name\":\"Startseite\",\"item\":\"https:\\\/\\\/dramatize.de\\\/\"},{\"@type\":\"ListItem\",\"position\":2,\"name\":\"Kontakt\"}]},{\"@type\":\"WebSite\",\"@id\":\"https:\\\/\\\/dramatize.de\\\/#website\",\"url\":\"https:\\\/\\\/dramatize.de\\\/\",\"name\":\"dramatize!\",\"description\":\"\",\"publisher\":{\"@id\":\"https:\\\/\\\/dramatize.de\\\/#organization\"},\"potentialAction\":[{\"@type\":\"SearchAction\",\"target\":{\"@type\":\"EntryPoint\",\"urlTemplate\":\"https:\\\/\\\/dramatize.de\\\/?s={search_term_string}\"},\"query-input\":{\"@type\":\"PropertyValueSpecification\",\"valueRequired\":true,\"valueName\":\"search_term_string\"}}],\"inLanguage\":\"en-GB\"},{\"@type\":\"Organization\",\"@id\":\"https:\\\/\\\/dramatize.de\\\/#organization\",\"name\":\"dramatize!\",\"url\":\"https:\\\/\\\/dramatize.de\\\/\",\"logo\":{\"@type\":\"ImageObject\",\"inLanguage\":\"en-GB\",\"@id\":\"https:\\\/\\\/dramatize.de\\\/#\\\/schema\\\/logo\\\/image\\\/\",\"url\":\"https:\\\/\\\/dramatize.de\\\/wp-content\\\/uploads\\\/2025\\\/04\\\/logo-dramatize2.png\",\"contentUrl\":\"https:\\\/\\\/dramatize.de\\\/wp-content\\\/uploads\\\/2025\\\/04\\\/logo-dramatize2.png\",\"width\":220,\"height\":67,\"caption\":\"dramatize!\"},\"image\":{\"@id\":\"https:\\\/\\\/dramatize.de\\\/#\\\/schema\\\/logo\\\/image\\\/\"}}]}<\/script>\n<!-- \/ Yoast SEO plugin. -->","yoast_head_json":{"title":"Kontakt - dramatize!","robots":{"index":"index","follow":"follow","max-snippet":"max-snippet:-1","max-image-preview":"max-image-preview:large","max-video-preview":"max-video-preview:-1"},"canonical":"https:\/\/dramatize.de\/en\/kontakt\/","og_locale":"en_GB","og_type":"article","og_title":"Kontakt - dramatize!","og_url":"https:\/\/dramatize.de\/en\/kontakt\/","og_site_name":"dramatize!","article_modified_time":"2025-05-19T09:55:05+00:00","twitter_card":"summary_large_image","twitter_misc":{"Estimated reading time":"1 minute"},"schema":{"@context":"https:\/\/schema.org","@graph":[{"@type":"WebPage","@id":"https:\/\/dramatize.de\/kontakt\/","url":"https:\/\/dramatize.de\/kontakt\/","name":"Kontakt - dramatize!","isPartOf":{"@id":"https:\/\/dramatize.de\/#website"},"datePublished":"2025-03-04T13:04:57+00:00","dateModified":"2025-05-19T09:55:05+00:00","breadcrumb":{"@id":"https:\/\/dramatize.de\/kontakt\/#breadcrumb"},"inLanguage":"en-GB","potentialAction":[{"@type":"ReadAction","target":["https:\/\/dramatize.de\/kontakt\/"]}]},{"@type":"BreadcrumbList","@id":"https:\/\/dramatize.de\/kontakt\/#breadcrumb","itemListElement":[{"@type":"ListItem","position":1,"name":"Startseite","item":"https:\/\/dramatize.de\/"},{"@type":"ListItem","position":2,"name":"Kontakt"}]},{"@type":"WebSite","@id":"https:\/\/dramatize.de\/#website","url":"https:\/\/dramatize.de\/","name":"dramatize!","description":"","publisher":{"@id":"https:\/\/dramatize.de\/#organization"},"potentialAction":[{"@type":"SearchAction","target":{"@type":"EntryPoint","urlTemplate":"https:\/\/dramatize.de\/?s={search_term_string}"},"query-input":{"@type":"PropertyValueSpecification","valueRequired":true,"valueName":"search_term_string"}}],"inLanguage":"en-GB"},{"@type":"Organization","@id":"https:\/\/dramatize.de\/#organization","name":"dramatize!","url":"https:\/\/dramatize.de\/","logo":{"@type":"ImageObject","inLanguage":"en-GB","@id":"https:\/\/dramatize.de\/#\/schema\/logo\/image\/","url":"https:\/\/dramatize.de\/wp-content\/uploads\/2025\/04\/logo-dramatize2.png","contentUrl":"https:\/\/dramatize.de\/wp-content\/uploads\/2025\/04\/logo-dramatize2.png","width":220,"height":67,"caption":"dramatize!"},"image":{"@id":"https:\/\/dramatize.de\/#\/schema\/logo\/image\/"}}]}},"_links":{"self":[{"href":"https:\/\/dramatize.de\/en\/wp-json\/wp\/v2\/pages\/513","targetHints":{"allow":["GET"]}}],"collection":[{"href":"https:\/\/dramatize.de\/en\/wp-json\/wp\/v2\/pages"}],"about":[{"href":"https:\/\/dramatize.de\/en\/wp-json\/wp\/v2\/types\/page"}],"author":[{"embeddable":true,"href":"https:\/\/dramatize.de\/en\/wp-json\/wp\/v2\/users\/1"}],"replies":[{"embeddable":true,"href":"https:\/\/dramatize.de\/en\/wp-json\/wp\/v2\/comments?post=513"}],"version-history":[{"count":17,"href":"https:\/\/dramatize.de\/en\/wp-json\/wp\/v2\/pages\/513\/revisions"}],"predecessor-version":[{"id":880,"href":"https:\/\/dramatize.de\/en\/wp-json\/wp\/v2\/pages\/513\/revisions\/880"}],"wp:attachment":[{"href":"https:\/\/dramatize.de\/en\/wp-json\/wp\/v2\/media?parent=513"}],"curies":[{"name":"wp","href":"https:\/\/api.w.org\/{rel}","templated":true}]}}