{"id":901,"date":"2025-05-15T08:12:56","date_gmt":"2025-05-15T08:12:56","guid":{"rendered":"https:\/\/dramatize.de\/?page_id=901"},"modified":"2025-05-15T10:18:41","modified_gmt":"2025-05-15T10:18:41","slug":"anmeldung","status":"publish","type":"page","link":"https:\/\/dramatize.de\/en\/anmeldung\/","title":{"rendered":"Anmeldung"},"content":{"rendered":"<div class=\"wpcf7 no-js\" id=\"wpcf7-f523-o1\" lang=\"de-DE\" dir=\"ltr\" data-wpcf7-id=\"523\">\n<div class=\"screen-reader-response\"><p role=\"status\" aria-live=\"polite\" aria-atomic=\"true\"><\/p> <ul><\/ul><\/div>\n<form action=\"\/en\/wp-json\/wp\/v2\/pages\/901#wpcf7-f523-o1\" method=\"post\" class=\"wpcf7-form init\" aria-label=\"Kontaktformular\" novalidate=\"novalidate\" data-status=\"init\" data-trp-original-action=\"\/en\/wp-json\/wp\/v2\/pages\/901#wpcf7-f523-o1\">\n<fieldset class=\"hidden-fields-container\"><input type=\"hidden\" name=\"_wpcf7\" value=\"523\" \/><input type=\"hidden\" name=\"_wpcf7_version\" value=\"6.1.5\" \/><input type=\"hidden\" name=\"_wpcf7_locale\" value=\"de_DE\" \/><input type=\"hidden\" name=\"_wpcf7_unit_tag\" value=\"wpcf7-f523-o1\" \/><input type=\"hidden\" name=\"_wpcf7_container_post\" value=\"0\" \/><input type=\"hidden\" name=\"_wpcf7_posted_data_hash\" value=\"\" \/>\n<\/fieldset>\n<style>\n.wpcf7-form {\n @media only screen and (min-width: 48em) {\n .row {\n display: flex;\n gap: 40px;\n flex-wrap: wrap;\n margin-bottom: 0px;\n }\n }\n .column p {\n padding-bottom: 0\n }\n}\n\n@media only screen and (max-width: 768px) {\n.wpcf7-form .wpcf7-text {padding:0; padding-bottom:4px}\n.wpcf7-form .row{\npadding-bottom: 0px\n }\n.wpcf7-form .column {\npadding-bottom: 40px\n }\n\n\n}\n\n.wpcf7-date {\ntransform: translateY(-2px);\n}\n.wpcf7-acceptance .wpcf7-list-item {\nmargin-left: 0\n}\nsmall { font-size: 75%}\n.wpcf7-form .wpcf7-not-valid-tip{\n background: none;\n padding-left: 0;\n}\n<\/style>\n<div class=\"row\">\n\t<div class=\"column\">\n\t\t<h2>Anmeldung f\u00fcr einen Theaterkurs\n\t\t<\/h2>\n\t<\/div>\n<\/div>\n<div class=\"row\">\n\t<div class=\"column\">\n\t\t<p><label>Vorname des\/der Teilnehmenden*<br \/>\n<span class=\"wpcf7-form-control-wrap\" data-name=\"vorname\"><input size=\"40\" maxlength=\"400\" class=\"wpcf7-form-control wpcf7-text wpcf7-validates-as-required\" aria-required=\"true\" aria-invalid=\"false\" value=\"\" type=\"text\" name=\"vorname\" \/><\/span> <\/label>\n\t\t<\/p>\n\t<\/div>\n\t<div class=\"column\">\n\t\t<p><label>Nachname des\/der Teilnehmenden*<br \/>\n<span class=\"wpcf7-form-control-wrap\" data-name=\"nachname\"><input size=\"40\" maxlength=\"400\" class=\"wpcf7-form-control wpcf7-text wpcf7-validates-as-required\" aria-required=\"true\" aria-invalid=\"false\" value=\"\" type=\"text\" name=\"nachname\" \/><\/span><\/label>\n\t\t<\/p>\n\t<\/div>\n<\/div>\n<div class=\"row\">\n\t<div class=\"column\">\n\t\t<p><label>Adresse<br \/>\n<span class=\"wpcf7-form-control-wrap\" data-name=\"adresse\"><input size=\"40\" maxlength=\"400\" class=\"wpcf7-form-control wpcf7-text wpcf7-validates-as-required\" aria-required=\"true\" aria-invalid=\"false\" value=\"\" type=\"text\" name=\"adresse\" \/><\/span> <\/label>\n\t\t<\/p>\n\t<\/div>\n<\/div>\n<div class=\"row\">\n\t<div class=\"column\">\n\t\t<p><label>E-Mail Adresse*<br \/>\n<span class=\"wpcf7-form-control-wrap\" data-name=\"email\"><input size=\"40\" maxlength=\"400\" class=\"wpcf7-form-control wpcf7-email wpcf7-validates-as-required wpcf7-text wpcf7-validates-as-email\" aria-required=\"true\" aria-invalid=\"false\" value=\"\" type=\"email\" name=\"email\" \/><\/span> <\/label>\n\t\t<\/p>\n\t<\/div>\n\t<div class=\"column\">\n\t\t<p><label>Geburtsdatum*<br \/>\n<span class=\"wpcf7-form-control-wrap\" data-name=\"geburtsdatum\"><input class=\"wpcf7-form-control wpcf7-date wpcf7-validates-as-required wpcf7-validates-as-date\" aria-required=\"true\" aria-invalid=\"false\" value=\"\" type=\"date\" name=\"geburtsdatum\" \/><\/span> <\/label>\n\t\t<\/p>\n\t<\/div>\n<\/div>\n<div class=\"row\">\n\t<div class=\"column\">\n\t\t<p><label>Telefonnummer des\/der Teilnehmenden<br \/>\n<span class=\"wpcf7-form-control-wrap\" data-name=\"tel_kind\"><input size=\"40\" maxlength=\"400\" class=\"wpcf7-form-control wpcf7-tel wpcf7-text wpcf7-validates-as-tel\" aria-invalid=\"false\" value=\"\" type=\"tel\" name=\"tel_kind\" \/><\/span> <\/label>\n\t\t<\/p>\n\t<\/div>\n\t<div class=\"column\">\n\t\t<p><label>Telefonnummer der Eltern <small>(bei unter 18-J\u00e4hrigen Teilnehmenden)<\/small><br \/>\n<span class=\"wpcf7-form-control-wrap\" data-name=\"tel_eltern\"><input size=\"40\" maxlength=\"400\" class=\"wpcf7-form-control wpcf7-tel wpcf7-text wpcf7-validates-as-tel\" aria-invalid=\"false\" value=\"\" type=\"tel\" name=\"tel_eltern\" \/><\/span> <\/label>\n\t\t<\/p>\n\t<\/div>\n<\/div>\n<div class=\"row\">\n\t<div class=\"column\">\n\t\t<p><label>W\u00e4hle deinen Kurs aus:<br \/>\n<span class=\"wpcf7-form-control-wrap\" data-name=\"select-904\"><select class=\"wpcf7-form-control wpcf7-select\" aria-invalid=\"false\" name=\"select-904\"><option value=\"Kinder \u2013 Montag 16:30\u201318:30 (10\u201314 Jahre), Begegnungszentrum Wiederitzsch\">Kinder \u2013 Montag 16:30\u201318:30 (10\u201314 Jahre), Begegnungszentrum Wiederitzsch<\/option><option value=\"Kinder \u2013 Donnerstag 15:30 \u2013 17:00 (9\u201313 Jahre), OFT Arena Gr\u00fcnau\">Kinder \u2013 Donnerstag 15:30 \u2013 17:00 (9\u201313 Jahre), OFT Arena Gr\u00fcnau<\/option><option value=\"Jugendliche \u2013 Mittwoch 17:00 \u2013 19:00 (14\u201320 Jahre), Karl Schubert Schule L\u00f6\u00dfnig\">Jugendliche \u2013 Mittwoch 17:00 \u2013 19:00 (14\u201320 Jahre), Karl Schubert Schule L\u00f6\u00dfnig<\/option><option value=\"Senior:innen \u2013 Mittwoch 09:45\u201311:15 (ab 60 Jahre), Budde-Haus Gohlis\">Senior:innen \u2013 Mittwoch 09:45\u201311:15 (ab 60 Jahre), Budde-Haus Gohlis<\/option><\/select><\/span><br \/>\n<\/label>\n\t\t<\/p>\n\t<\/div>\n<\/div>\n<div class=\"row\">\n\t<div class=\"column\">\n\t\t<p>Eine Information zu den Teilnahmegeb\u00fchren sowie eine gesonderte Teilnahmevereinbarung geht nach Absendung zu.\n\t\t<\/p>\n\t<\/div>\n<\/div>\n<div class=\"row\">\n\t<div class=\"column\">\n\t\t<p><span class=\"wpcf7-form-control-wrap\" data-name=\"acceptance-995\"><span class=\"wpcf7-form-control wpcf7-acceptance\"><span class=\"wpcf7-list-item\"><label><input type=\"checkbox\" name=\"acceptance-995\" value=\"1\" aria-invalid=\"false\" \/><span class=\"wpcf7-list-item-label\">Mit dem Absenden dieses Formulars erkl\u00e4re ich mich damit einverstanden, dass meine personenbezogenen Daten gem\u00e4\u00df der Datenschutzerkl\u00e4rung gespeichert, verarbeitet und genutzt werden.<\/span><\/label><\/span><\/span><\/span>\n\t\t<\/p>\n\t<\/div>\n<\/div>\n<div class=\"row\">\n\t<div class=\"column\">\n\t\t<p><input class=\"wpcf7-form-control wpcf7-submit has-spinner\" type=\"submit\" value=\"Absenden\" \/>\n\t\t<\/p>\n\t<\/div>\n<\/div><div class=\"wpcf7-response-output\" aria-hidden=\"true\"><\/div>\n<input type=\"hidden\" name=\"trp-form-language\" value=\"en\"\/><\/form>\n<\/div>","protected":false},"excerpt":{"rendered":"Anmeldung f\u00fcr einen Theaterkurs Vorname des\/der Teilnehmenden* Nachname des\/der Teilnehmenden* Adresse E-Mail Adresse* Geburtsdatum* Telefonnummer des\/der Teilnehmenden Telefonnummer der Eltern (bei unter 18-J\u00e4hrigen Teilnehmenden) W\u00e4hle deinen Kurs aus: Kinder \u2013...","protected":false},"author":1,"featured_media":0,"parent":0,"menu_order":0,"comment_status":"closed","ping_status":"closed","template":"","meta":{"footnotes":""},"class_list":["post-901","page","type-page","status-publish"],"yoast_head":"<!-- This site is optimized with the Yoast SEO plugin v27.4 - https:\/\/yoast.com\/product\/yoast-seo-wordpress\/ -->\n<title>Anmeldung - dramatize!<\/title>\n<meta name=\"robots\" content=\"index, follow, max-snippet:-1, max-image-preview:large, max-video-preview:-1\" \/>\n<link rel=\"canonical\" href=\"https:\/\/dramatize.de\/en\/anmeldung\/\" \/>\n<meta property=\"og:locale\" content=\"en_GB\" \/>\n<meta property=\"og:type\" content=\"article\" \/>\n<meta property=\"og:title\" content=\"Anmeldung - dramatize!\" \/>\n<meta property=\"og:url\" content=\"https:\/\/dramatize.de\/en\/anmeldung\/\" \/>\n<meta property=\"og:site_name\" content=\"dramatize!\" \/>\n<meta property=\"article:modified_time\" content=\"2025-05-15T10:18:41+00:00\" \/>\n<meta name=\"twitter:card\" content=\"summary_large_image\" \/>\n<meta name=\"twitter:label1\" content=\"Estimated reading time\" \/>\n\t<meta name=\"twitter:data1\" content=\"1 minute\" \/>\n<script type=\"application\/ld+json\" class=\"yoast-schema-graph\">{\"@context\":\"https:\\\/\\\/schema.org\",\"@graph\":[{\"@type\":\"WebPage\",\"@id\":\"https:\\\/\\\/dramatize.de\\\/anmeldung\\\/\",\"url\":\"https:\\\/\\\/dramatize.de\\\/anmeldung\\\/\",\"name\":\"Anmeldung - dramatize!\",\"isPartOf\":{\"@id\":\"https:\\\/\\\/dramatize.de\\\/#website\"},\"datePublished\":\"2025-05-15T08:12:56+00:00\",\"dateModified\":\"2025-05-15T10:18:41+00:00\",\"breadcrumb\":{\"@id\":\"https:\\\/\\\/dramatize.de\\\/anmeldung\\\/#breadcrumb\"},\"inLanguage\":\"en-GB\",\"potentialAction\":[{\"@type\":\"ReadAction\",\"target\":[\"https:\\\/\\\/dramatize.de\\\/anmeldung\\\/\"]}]},{\"@type\":\"BreadcrumbList\",\"@id\":\"https:\\\/\\\/dramatize.de\\\/anmeldung\\\/#breadcrumb\",\"itemListElement\":[{\"@type\":\"ListItem\",\"position\":1,\"name\":\"Startseite\",\"item\":\"https:\\\/\\\/dramatize.de\\\/\"},{\"@type\":\"ListItem\",\"position\":2,\"name\":\"Anmeldung\"}]},{\"@type\":\"WebSite\",\"@id\":\"https:\\\/\\\/dramatize.de\\\/#website\",\"url\":\"https:\\\/\\\/dramatize.de\\\/\",\"name\":\"dramatize!\",\"description\":\"\",\"publisher\":{\"@id\":\"https:\\\/\\\/dramatize.de\\\/#organization\"},\"potentialAction\":[{\"@type\":\"SearchAction\",\"target\":{\"@type\":\"EntryPoint\",\"urlTemplate\":\"https:\\\/\\\/dramatize.de\\\/?s={search_term_string}\"},\"query-input\":{\"@type\":\"PropertyValueSpecification\",\"valueRequired\":true,\"valueName\":\"search_term_string\"}}],\"inLanguage\":\"en-GB\"},{\"@type\":\"Organization\",\"@id\":\"https:\\\/\\\/dramatize.de\\\/#organization\",\"name\":\"dramatize!\",\"url\":\"https:\\\/\\\/dramatize.de\\\/\",\"logo\":{\"@type\":\"ImageObject\",\"inLanguage\":\"en-GB\",\"@id\":\"https:\\\/\\\/dramatize.de\\\/#\\\/schema\\\/logo\\\/image\\\/\",\"url\":\"https:\\\/\\\/dramatize.de\\\/wp-content\\\/uploads\\\/2025\\\/04\\\/logo-dramatize2.png\",\"contentUrl\":\"https:\\\/\\\/dramatize.de\\\/wp-content\\\/uploads\\\/2025\\\/04\\\/logo-dramatize2.png\",\"width\":220,\"height\":67,\"caption\":\"dramatize!\"},\"image\":{\"@id\":\"https:\\\/\\\/dramatize.de\\\/#\\\/schema\\\/logo\\\/image\\\/\"}}]}<\/script>\n<!-- \/ Yoast SEO plugin. -->","yoast_head_json":{"title":"Anmeldung - dramatize!","robots":{"index":"index","follow":"follow","max-snippet":"max-snippet:-1","max-image-preview":"max-image-preview:large","max-video-preview":"max-video-preview:-1"},"canonical":"https:\/\/dramatize.de\/en\/anmeldung\/","og_locale":"en_GB","og_type":"article","og_title":"Anmeldung - dramatize!","og_url":"https:\/\/dramatize.de\/en\/anmeldung\/","og_site_name":"dramatize!","article_modified_time":"2025-05-15T10:18:41+00:00","twitter_card":"summary_large_image","twitter_misc":{"Estimated reading time":"1 minute"},"schema":{"@context":"https:\/\/schema.org","@graph":[{"@type":"WebPage","@id":"https:\/\/dramatize.de\/anmeldung\/","url":"https:\/\/dramatize.de\/anmeldung\/","name":"Anmeldung - dramatize!","isPartOf":{"@id":"https:\/\/dramatize.de\/#website"},"datePublished":"2025-05-15T08:12:56+00:00","dateModified":"2025-05-15T10:18:41+00:00","breadcrumb":{"@id":"https:\/\/dramatize.de\/anmeldung\/#breadcrumb"},"inLanguage":"en-GB","potentialAction":[{"@type":"ReadAction","target":["https:\/\/dramatize.de\/anmeldung\/"]}]},{"@type":"BreadcrumbList","@id":"https:\/\/dramatize.de\/anmeldung\/#breadcrumb","itemListElement":[{"@type":"ListItem","position":1,"name":"Startseite","item":"https:\/\/dramatize.de\/"},{"@type":"ListItem","position":2,"name":"Anmeldung"}]},{"@type":"WebSite","@id":"https:\/\/dramatize.de\/#website","url":"https:\/\/dramatize.de\/","name":"dramatize!","description":"","publisher":{"@id":"https:\/\/dramatize.de\/#organization"},"potentialAction":[{"@type":"SearchAction","target":{"@type":"EntryPoint","urlTemplate":"https:\/\/dramatize.de\/?s={search_term_string}"},"query-input":{"@type":"PropertyValueSpecification","valueRequired":true,"valueName":"search_term_string"}}],"inLanguage":"en-GB"},{"@type":"Organization","@id":"https:\/\/dramatize.de\/#organization","name":"dramatize!","url":"https:\/\/dramatize.de\/","logo":{"@type":"ImageObject","inLanguage":"en-GB","@id":"https:\/\/dramatize.de\/#\/schema\/logo\/image\/","url":"https:\/\/dramatize.de\/wp-content\/uploads\/2025\/04\/logo-dramatize2.png","contentUrl":"https:\/\/dramatize.de\/wp-content\/uploads\/2025\/04\/logo-dramatize2.png","width":220,"height":67,"caption":"dramatize!"},"image":{"@id":"https:\/\/dramatize.de\/#\/schema\/logo\/image\/"}}]}},"_links":{"self":[{"href":"https:\/\/dramatize.de\/en\/wp-json\/wp\/v2\/pages\/901","targetHints":{"allow":["GET"]}}],"collection":[{"href":"https:\/\/dramatize.de\/en\/wp-json\/wp\/v2\/pages"}],"about":[{"href":"https:\/\/dramatize.de\/en\/wp-json\/wp\/v2\/types\/page"}],"author":[{"embeddable":true,"href":"https:\/\/dramatize.de\/en\/wp-json\/wp\/v2\/users\/1"}],"replies":[{"embeddable":true,"href":"https:\/\/dramatize.de\/en\/wp-json\/wp\/v2\/comments?post=901"}],"version-history":[{"count":3,"href":"https:\/\/dramatize.de\/en\/wp-json\/wp\/v2\/pages\/901\/revisions"}],"predecessor-version":[{"id":923,"href":"https:\/\/dramatize.de\/en\/wp-json\/wp\/v2\/pages\/901\/revisions\/923"}],"wp:attachment":[{"href":"https:\/\/dramatize.de\/en\/wp-json\/wp\/v2\/media?parent=901"}],"curies":[{"name":"wp","href":"https:\/\/api.w.org\/{rel}","templated":true}]}}